{"id":57,"date":"2022-02-09T14:46:40","date_gmt":"2022-02-09T14:46:40","guid":{"rendered":"https:\/\/pifoxenwp.pixydrops.com\/?page_id=57"},"modified":"2025-12-12T02:24:05","modified_gmt":"2025-12-12T02:24:05","slug":"donate-now","status":"publish","type":"page","link":"https:\/\/mharabacan.com\/index.php\/donate-now\/","title":{"rendered":"Donate Now"},"content":{"rendered":"\t\t<div data-elementor-type=\"wp-page\" data-elementor-id=\"57\" class=\"elementor elementor-57\">\n\t\t\t\t\t\t<section class=\"elementor-section elementor-top-section elementor-element elementor-element-5cb10d3 elementor-section-full_width elementor-section-height-default elementor-section-height-default\" data-id=\"5cb10d3\" data-element_type=\"section\">\n\t\t\t\t\t\t<div class=\"elementor-container elementor-column-gap-no\">\n\t\t\t\t\t<div class=\"elementor-column elementor-col-100 elementor-top-column elementor-element elementor-element-6511c91\" data-id=\"6511c91\" data-element_type=\"column\">\n\t\t\t<div class=\"elementor-widget-wrap elementor-element-populated\">\n\t\t\t\t\t\t<div class=\"elementor-element elementor-element-2cb34e2 elementor-widget elementor-widget-pifoxen-donation-form\" data-id=\"2cb34e2\" data-element_type=\"widget\" data-widget_type=\"pifoxen-donation-form.default\">\n\t\t\t\t<div class=\"elementor-widget-container\">\n\t\t\t\t\t <!--Donate Now Start-->\r\n <section class=\"donate-now\">\r\n \t<div class=\"container\">\r\n \t\t<div class=\"row\">\r\n \t\t\t<div class=\"col-xl-8 col-lg-7\">\r\n \t\t\t\t<div class=\"donate-now__left\">\r\n \t\t\t\t\t \t\t\t\t\t\t<div id=\"give-form-504-wrap\" class=\"give-form-wrap give-display-modal\">\n\t\t\t\t\t<form id=\"give-form-504-1\" class=\"give-form give-form-504 give-form-type-multi\" action=\"https:\/\/mharabacan.com\/wp-json\/wp\/v2\/pages\/57\/?payment-mode=manual&form-id=504\" data-id=\"504-1\" data-currency_symbol=\"&euro;\" data-currency_code=\"EUR\" data-currency_position=\"before\" data-thousands_separator=\".\" data-decimal_separator=\",\" data-number_decimals=\"2\" method=\"post\">\n\t\t\t\t<!-- The following field is for robots only, invisible to humans: -->\n\t\t\t\t<span class=\"give-hidden\" style=\"display: none !important;\">\n\t\t\t\t\t<label for=\"give-form-honeypot-504\"><\/label>\n\t\t\t\t\t<input id=\"give-form-honeypot-504\" type=\"text\" name=\"give-honeypot\"\n\t\t\t\t\t\t   class=\"give-honeypot give-hidden\"\/>\n\t\t\t\t<\/span>\n\n\t\t\t\t\t<input type=\"hidden\" name=\"give-form-id-prefix\" value=\"504-1\"\/>\n\t<input type=\"hidden\" name=\"give-form-id\" value=\"504\"\/>\n\t<input type=\"hidden\" name=\"give-form-title\" value=\"Help Child Cancer By Rising Fund\"\/>\n\t<input type=\"hidden\" name=\"give-current-url\" value=\"https:\/\/mharabacan.com\/wp-json\/wp\/v2\/pages\/57\/\"\/>\n\t<input type=\"hidden\" name=\"give-form-url\" value=\"https:\/\/mharabacan.com\/wp-json\/wp\/v2\/pages\/57\/\"\/>\n\t\t\t<input type=\"hidden\" name=\"give-form-minimum\"\n\t\t\t   value=\"5.00\"\/>\n\t\t<input type=\"hidden\" name=\"give-form-maximum\"\n\t\t\t   value=\"999999.00\"\/>\n\t\t<input type=\"hidden\"  name=\"give-form-hash\" value=\"07409ac767\" data-time=\"1776279772\" data-nonce-life=\"86400\" data-donor-session=\"0\"\/><input type=\"hidden\" name=\"give-price-id\" value=\"5\"\/>\t\t<div class=\"give-total-wrap\">\n\t\t\t<div class=\"give-donation-amount form-row-wide\">\n\t\t\t\t<span class=\"give-currency-symbol give-currency-position-before\">&euro;<\/span>\t\t\t\t<label class=\"give-hidden\" for=\"give-amount\">Montant du don\u00a0:<\/label>\n\t\t\t\t<input class=\"give-text-input give-amount-top\" id=\"give-amount\" name=\"give-amount\" type=\"text\" inputmode=\"decimal\"\n\t\t\t\t\t   placeholder=\"\" value=\"250,00\" autocomplete=\"off\">\n\t\t\t\t\t\t\t<\/div>\n\t\t<\/div>\n\t\t<ul id=\"give-donation-level-button-wrap\" class=\"give-donation-levels-wrap give-list-inline\"><li><button type=\"button\" data-price-id=\"0\" class=\"give-donation-level-btn give-btn give-btn-level-0 \" value=\"10,00\" data-default=\"0\">&euro;10,00<\/button><\/li><li><button type=\"button\" data-price-id=\"1\" class=\"give-donation-level-btn give-btn give-btn-level-1 \" value=\"25,00\" data-default=\"0\">&euro;25,00<\/button><\/li><li><button type=\"button\" data-price-id=\"2\" class=\"give-donation-level-btn give-btn give-btn-level-2 \" value=\"50,00\" data-default=\"0\">&euro;50,00<\/button><\/li><li><button type=\"button\" data-price-id=\"3\" class=\"give-donation-level-btn give-btn give-btn-level-3 \" value=\"100,00\" data-default=\"0\">&euro;100,00<\/button><\/li><li><button type=\"button\" data-price-id=\"5\" class=\"give-donation-level-btn give-btn give-btn-level-5 give-default-level\" value=\"250,00\" data-default=\"1\">&euro;250,00<\/button><\/li><li><button type=\"button\" data-price-id=\"custom\" class=\"give-donation-level-btn give-btn give-btn-level-custom\" value=\"custom\">Custom Amount<\/button><\/li><\/ul><button type=\"button\" class=\"give-btn give-btn-modal\">Donate<\/button>\n\t<fieldset id=\"give-payment-mode-select\">\n\t\t\t\t<legend\n\t\t\tclass=\"give-payment-mode-label\">S\u00e9lectionnez un moyen de paiement\t\t\t<span class=\"give-loading-text\"><span\n\t\t\t\t\tclass=\"give-loading-animation\"><\/span>\n\t\t\t<\/span>\n\t\t<\/legend>\n\n\t\t<div id=\"give-payment-mode-wrap\">\n\t\t\t\t\t\t<ul id=\"give-gateway-radio-list\">\n\t\t\t\t\t\t\t\t\t\t<li class=\"give-gateway-option-selected\">\n\t\t\t\t\t\t\t<input type=\"radio\" name=\"payment-mode\" class=\"give-gateway\"\n\t\t\t\t\t\t\t\t   id=\"give-gateway-manual-504-1\"\n\t\t\t\t\t\t\t\t   value=\"manual\" checked='checked'>\n\t\t\t\t\t\t\t<label for=\"give-gateway-manual-504-1\"\n\t\t\t\t\t\t\t\t   class=\"give-gateway-option\"\n\t\t\t\t\t\t\t\t   id=\"give-gateway-option-manual\"> Don de Test<\/label>\n\t\t\t\t\t\t<\/li>\n\t\t\t\t\t\t\t\t\t\t\t\t<li>\n\t\t\t\t\t\t\t<input type=\"radio\" name=\"payment-mode\" class=\"give-gateway\"\n\t\t\t\t\t\t\t\t   id=\"give-gateway-offline-504-1\"\n\t\t\t\t\t\t\t\t   value=\"offline\">\n\t\t\t\t\t\t\t<label for=\"give-gateway-offline-504-1\"\n\t\t\t\t\t\t\t\t   class=\"give-gateway-option\"\n\t\t\t\t\t\t\t\t   id=\"give-gateway-option-offline\"> Don hors ligne<\/label>\n\t\t\t\t\t\t<\/li>\n\t\t\t\t\t\t\t\t\t<\/ul>\n\t\t\t\t\t<\/div>\n\t\t\t<\/fieldset>\n\n\t\n\t<div id=\"give_purchase_form_wrap\">\n\n\t\t\t<fieldset id=\"give_checkout_user_info\" class=\"\">\n\t\t<legend>\n\t\t\tInformations personnelles\t\t<\/legend>\n\n\t\t\n        <p id=\"give-first-name-wrap\" class=\"form-row form-row-first form-row-responsive\">\n            <label class=\"give-label\" for=\"give-first\">\n                Pr\u00e9nom                                    <span class=\"give-required-indicator\">*<\/span>\n                                <span class=\"give-tooltip hint--top hint--medium hint--bounce\" aria-label=\"Le pr\u00e9nom est utilis\u00e9 pour personnaliser votre don.\" rel=\"tooltip\"><i class=\"give-icon give-icon-question\"><\/i><\/span>            <\/label>\n            <input\n                class=\"give-input required\"\n                type=\"text\"\n                name=\"give_first\"\n                autocomplete=\"given-name\"\n                placeholder=\"Pr\u00e9nom\"\n                id=\"give-first\"\n                value=\"\"\n                 required aria-required=\"true\"             \/>\n        <\/p>\n\n        <p id=\"give-last-name-wrap\" class=\"form-row form-row-last form-row-responsive\">\n            <label class=\"give-label\" for=\"give-last\">\n                Nom                                <span class=\"give-tooltip hint--top hint--medium hint--bounce\" aria-label=\"Le nom est utilis\u00e9 pour personnaliser votre don.\" rel=\"tooltip\"><i class=\"give-icon give-icon-question\"><\/i><\/span>            <\/label>\n\n            <input\n                class=\"give-input\"\n                type=\"text\"\n                name=\"give_last\"\n                autocomplete=\"family-name\"\n                id=\"give-last\"\n                placeholder=\"Nom\"\n                value=\"\"\n                            \/>\n        <\/p>\n\n        \n                <p id=\"give-email-wrap\" class=\"form-row form-row-wide\">\n            <label class=\"give-label\" for=\"give-email\">\n                Adresse e-mail                                    <span class=\"give-required-indicator\">*<\/span>\n                                    <span class=\"give-tooltip hint--top hint--medium hint--bounce\" aria-label=\"Le re\u00e7u de don sera envoy\u00e9 \u00e0 cette adresse.\" rel=\"tooltip\"><i class=\"give-icon give-icon-question\"><\/i><\/span>            <\/label>\n            <input\n                class=\"give-input required\"\n                type=\"email\"\n                name=\"give_email\"\n                autocomplete=\"email\"\n                placeholder=\"Adresse e-mail\"\n                id=\"give-email\"\n                value=\"\"\n                 required aria-required=\"true\"             \/>\n\n        <\/p>\n\n        \n\t\t\t\t\t<\/fieldset>\n\t\t<fieldset id=\"give_purchase_submit\" class=\"give-donation-submit\">\n\t\t\t<p id=\"give-final-total-wrap\" class=\"form-wrap \">\n\t\t\t\t<span class=\"give-donation-total-label\">\n\t\t\tTotal du don\u00a0:\t\t<\/span>\n\t\t<span class=\"give-final-total-amount\"\n\t\t\t  data-total=\"250,00\">\n\t\t\t&euro;250,00\t\t<\/span>\n\t\t\t<\/p>\n\t\t<input type=\"hidden\" name=\"give_action\" value=\"purchase\"\/>\n\t<input type=\"hidden\" name=\"give-gateway\" value=\"manual\"\/>\n\t\t<div class=\"give-submit-button-wrap give-clearfix\">\n\t\t<input type=\"submit\" class=\"give-submit give-btn\" id=\"give-purchase-button\" name=\"give-purchase\"\n\t\t\t   value=\"Donate Now\" data-before-validation-label=\"Donate Now\"\/>\n\t\t<span class=\"give-loading-animation\"><\/span>\n\t<\/div>\n\t\t<\/fieldset>\n\t\n\t<\/div>\n\n\t\t\t\t<\/form>\n\n\t\t\t\n\t<\/div><!--end #give-form-504-->\n\t \t\t\t\t<\/div>\r\n \t\t\t<\/div>\r\n \t\t\t \t\t\t\t\t<div class=\"col-xl-4 col-lg-5\">\r\n \t\t\t\t\t\t<div class=\"donate-now__right\">\r\n \t\t\t\t\t\t\t<div class=\"donate-now__causes\">\r\n \t\t\t\t\t\t\t\t<div class=\"donate-now__causes-img\">\r\n \t\t\t\t\t\t\t\t\t<img fetchpriority=\"high\" decoding=\"async\" width=\"324\" height=\"216\" src=\"https:\/\/mharabacan.com\/wp-content\/uploads\/2022\/02\/donation-1-1.jpg\" class=\"attachment-pifoxen_give_forms_370X216 size-pifoxen_give_forms_370X216 wp-post-image\" alt=\"\" srcset=\"https:\/\/mharabacan.com\/wp-content\/uploads\/2022\/02\/donation-1-1.jpg 1920w, https:\/\/mharabacan.com\/wp-content\/uploads\/2022\/02\/donation-1-1-570x380.jpg 570w, https:\/\/mharabacan.com\/wp-content\/uploads\/2022\/02\/donation-1-1-300x200.jpg 300w, https:\/\/mharabacan.com\/wp-content\/uploads\/2022\/02\/donation-1-1-1024x683.jpg 1024w, https:\/\/mharabacan.com\/wp-content\/uploads\/2022\/02\/donation-1-1-768x512.jpg 768w, https:\/\/mharabacan.com\/wp-content\/uploads\/2022\/02\/donation-1-1-1536x1024.jpg 1536w\" sizes=\"(max-width: 324px) 100vw, 324px\" \/> \t\t\t\t\t\t\t\t<\/div>\r\n \t\t\t\t\t\t\t\t<div class=\"donate-now__causes-content-box\">\r\n \t\t\t\t\t\t\t\t\t<div class=\"donate-now__causes-content\">\r\n \t\t\t\t\t\t\t\t\t\t<h3 class=\"donate-now__causes-title\">\r\n \t\t\t\t\t\t\t\t\t\t\tHelp Child Cancer By Rising Fund \t\t\t\t\t\t\t\t\t\t<\/h3>\r\n \t\t\t\t\t\t\t\t\t\t<p class=\"donate-now__causes-text\">Aellentesque porttitor lacus quis enim varius sed efficitur Lorem ipsum dolor<\/p>\r\n \t\t\t\t\t\t\t\t\t<\/div>\r\n \t\t\t\t\t\t\t\t\t<div class=\"donate-now__progress\">\r\n \t\t\t\t\t\t\t\t\t\t<div class=\"bar\">\r\n \t\t\t\t\t\t\t\t\t\t\t<div class=\"bar-inner count-bar\" data-percent=\"11.74%\">\r\n \t\t\t\t\t\t\t\t\t\t\t\t<div class=\"count-text\">11.74%<\/div>\r\n \t\t\t\t\t\t\t\t\t\t\t<\/div>\r\n \t\t\t\t\t\t\t\t\t\t<\/div>\r\n \t\t\t\t\t\t\t\t\t\t<div class=\"donate-now__goals\">\r\n \t\t\t\t\t\t\t\t\t\t\t<p><span>&euro;0<\/span> Raised<\/p>\r\n \t\t\t\t\t\t\t\t\t\t\t<p><span>&euro;10.000,00<\/span> Goal<\/p>\r\n \t\t\t\t\t\t\t\t\t\t<\/div>\r\n \t\t\t\t\t\t\t\t\t<\/div>\r\n \t\t\t\t\t\t\t\t<\/div>\r\n \t\t\t\t\t\t\t<\/div>\r\n \t\t\t\t\t\t\t \t\t\t\t\t\t\t\t<div class=\"donation-details__organizer\">\r\n \t\t\t\t\t\t\t\t\t<div class=\"donation-details__organizer-img\">\r\n \t\t\t\t\t\t\t\t\t\t<img decoding=\"async\" src=\"https:\/\/pifoxenwp.pixydrops.com\/wp-content\/uploads\/2022\/02\/donation-details-organizer-img.jpg\" alt=\"Mhara CAN\">\r\n \t\t\t\t\t\t\t\t\t<\/div>\r\n \t\t\t\t\t\t\t\t\t<div class=\"donation-details__organizer-content\">\r\n \t\t\t\t\t\t\t\t\t\t<p class=\"donation-details__organizer-date\">Created 13 F\u00e9v, 2022<\/p>\r\n \t\t\t\t\t\t\t\t\t\t<p class=\"donation-details__organizer-title\">Organizer:<\/p>\r\n \t\t\t\t\t\t\t\t\t\t<p class=\"donation-details__organizer-name\">Jessica Smith<\/p>\r\n \t\t\t\t\t\t\t\t\t\t<ul class=\"list-unstyled donation-details__organizer-list ml-0\">\r\n \t\t\t\t\t\t\t\t\t\t\t \t\t\t\t\t\t\t\t\t\t\t\t<li>\r\n \t\t\t\t\t\t\t\t\t\t\t\t\t<div class=\"icon\">\r\n \t\t\t\t\t\t\t\t\t\t\t\t\t\t<span class=\"fas fa-tag\"><\/span>\r\n \t\t\t\t\t\t\t\t\t\t\t\t\t<\/div>\r\n \t\t\t\t\t\t\t\t\t\t\t\t\t<div class=\"text\">\r\n \t\t\t\t\t\t\t\t\t\t\t\t\t\t<p>Medical<\/p>\r\n \t\t\t\t\t\t\t\t\t\t\t\t\t<\/div>\r\n \t\t\t\t\t\t\t\t\t\t\t\t<\/li>\r\n \t\t\t\t\t\t\t\t\t\t\t \t\t\t\t\t\t\t\t\t\t\t<li>\r\n \t\t\t\t\t\t\t\t\t\t\t\t<div class=\"icon\">\r\n \t\t\t\t\t\t\t\t\t\t\t\t\t<span class=\"fas fa-map-marker-alt\"><\/span>\r\n \t\t\t\t\t\t\t\t\t\t\t\t<\/div>\r\n \t\t\t\t\t\t\t\t\t\t\t\t<div class=\"text\">\r\n \t\t\t\t\t\t\t\t\t\t\t\t\t<p>Westwood, Canada<\/p>\r\n \t\t\t\t\t\t\t\t\t\t\t\t<\/div>\r\n \t\t\t\t\t\t\t\t\t\t\t<\/li>\r\n \t\t\t\t\t\t\t\t\t\t<\/ul>\r\n \t\t\t\t\t\t\t\t\t<\/div>\r\n \t\t\t\t\t\t\t\t<\/div>\r\n \t\t\t\t\t\t\t \t\t\t\t\t\t<\/div>\r\n \t\t\t\t\t<\/div>\r\n \t\t\t \t\t<\/div>\r\n \t<\/div>\r\n <\/section>\r\n <!--Donate Now End-->\t\t\t\t<\/div>\n\t\t\t\t<\/div>\n\t\t\t\t\t<\/div>\n\t\t<\/div>\n\t\t\t\t\t<\/div>\n\t\t<\/section>\n\t\t\t\t<\/div>\n\t\t","protected":false},"excerpt":{"rendered":"<p>Notice: Test mode is enabled. While in test mode no live donations are processed. &#036; Donation Amount: &#036;10 &#036;25 &#036;50 &#036;100 &#036;250 Custom Amount Select Payment Method Test Donation Offline Donation Personal Info First Name * Last Name Email Address * Make this an anonymous donation. Comment Donation Total: &#36;250 Help Child Cancer By Rising [&hellip;]<\/p>\n","protected":false},"author":1,"featured_media":0,"parent":0,"menu_order":0,"comment_status":"closed","ping_status":"closed","template":"elementor_header_footer","meta":{"give_campaign_id":0,"_monsterinsights_skip_tracking":false,"_monsterinsights_sitenote_active":false,"_monsterinsights_sitenote_note":"","_monsterinsights_sitenote_category":0,"footnotes":""},"class_list":["post-57","page","type-page","status-publish","hentry"],"aioseo_notices":[],"campaignId":"","_links":{"self":[{"href":"https:\/\/mharabacan.com\/index.php\/wp-json\/wp\/v2\/pages\/57","targetHints":{"allow":["GET"]}}],"collection":[{"href":"https:\/\/mharabacan.com\/index.php\/wp-json\/wp\/v2\/pages"}],"about":[{"href":"https:\/\/mharabacan.com\/index.php\/wp-json\/wp\/v2\/types\/page"}],"author":[{"embeddable":true,"href":"https:\/\/mharabacan.com\/index.php\/wp-json\/wp\/v2\/users\/1"}],"replies":[{"embeddable":true,"href":"https:\/\/mharabacan.com\/index.php\/wp-json\/wp\/v2\/comments?post=57"}],"version-history":[{"count":0,"href":"https:\/\/mharabacan.com\/index.php\/wp-json\/wp\/v2\/pages\/57\/revisions"}],"wp:attachment":[{"href":"https:\/\/mharabacan.com\/index.php\/wp-json\/wp\/v2\/media?parent=57"}],"curies":[{"name":"wp","href":"https:\/\/api.w.org\/{rel}","templated":true}]}}